{"id":5336,"date":"2023-12-09T04:11:53","date_gmt":"2023-12-09T03:11:53","guid":{"rendered":"https:\/\/mybeglaubigung.de\/?post_type=product&#038;p=5336"},"modified":"2026-04-11T09:28:28","modified_gmt":"2026-04-11T07:28:28","slug":"divorce-certificate","status":"publish","type":"product","link":"https:\/\/mybeglaubigung.de\/ua\/shop\/certificates\/divorce-certificate\/","title":{"rendered":"\u0414\u041e\u0412\u0406\u0414\u041a\u0410 \u041f\u0420\u041e \u0420\u041e\u0417\u041b\u0423\u0427\u0415\u041d\u041d\u042f"},"content":{"rendered":"<p>Beglaubigte \u00dcbersetzung deiner Scheidungsurkunde (Deutschland, EU, Nicht-EU).<\/p>","protected":false},"excerpt":{"rendered":"<p>(\u0432\u043a\u043b\u044e\u0447\u043d\u043e \u0437 19,0% \u041f\u0414\u0412)<\/p>\n<p>&nbsp;<\/p>\n<p class=\"translation-block\"><strong>\u041f\u0435\u0440\u0435\u043a\u043b\u0430\u0434 + \u0437\u0430\u0441\u0432\u0456\u0434\u0447\u0435\u043d\u043d\u044f<\/strong> \u043e\u0444\u0456\u0446\u0456\u0439\u043d\u043e\u044e \u043f\u0435\u0447\u0430\u0442\u043a\u043e\u044e \u043f\u0440\u0438\u0441\u044f\u0436\u043d\u0438\u0445 \u043f\u0435\u0440\u0435\u043a\u043b\u0430\u0434\u0430\u0447\u0456\u0432.<\/p>\n<p>&nbsp;<\/p>\n<p>\u0414\u043e\u0441\u0442\u0430\u0432\u043a\u0430 \u0435\u043b\u0435\u043a\u0442\u0440\u043e\u043d\u043d\u043e\u044e \u0442\u0430 \u0437\u0432\u0438\u0447\u0430\u0439\u043d\u043e\u044e \u043f\u043e\u0448\u0442\u043e\u044e \u043f\u0440\u043e\u0442\u044f\u0433\u043e\u043c 2-3 \u0440\u043e\u0431\u043e\u0447\u0438\u0445 \u0434\u043d\u0456\u0432. \u042f\u043a\u0449\u043e \u0441\u0442\u043e\u0440\u0456\u043d\u043e\u043a \u0431\u0456\u043b\u044c\u0448\u0435 \u0434\u0432\u043e\u0445, \u043d\u0430\u043c \u043f\u043e\u0442\u0440\u0456\u0431\u043d\u043e 1-2 \u0434\u043e\u0434\u0430\u0442\u043a\u043e\u0432\u0438\u0445 \u0440\u043e\u0431\u043e\u0447\u0438\u0445 \u0434\u043d\u0456 \u043d\u0430 \u0441\u0442\u043e\u0440\u0456\u043d\u043a\u0443.<\/p>","protected":false},"featured_media":6756,"comment_status":"open","ping_status":"closed","template":"","meta":{"_uag_custom_page_level_css":"","site-sidebar-layout":"default","site-content-layout":"default","ast-site-content-layout":"default","site-content-style":"default","site-sidebar-style":"default","ast-global-header-display":"","ast-banner-title-visibility":"","ast-main-header-display":"","ast-hfb-above-header-display":"","ast-hfb-below-header-display":"","ast-hfb-mobile-header-display":"","site-post-title":"","ast-breadcrumbs-content":"","ast-featured-img":"","footer-sml-layout":"","ast-disable-related-posts":"","theme-transparent-header-meta":"default","adv-header-id-meta":"","stick-header-meta":"default","header-above-stick-meta":"","header-main-stick-meta":"","header-below-stick-meta":"","astra-migrate-meta-layouts":"set","ast-page-background-enabled":"default","ast-page-background-meta":{"desktop":{"background-color":"var(--ast-global-color-4)","background-image":"","background-repeat":"repeat","background-position":"center center","background-size":"auto","background-attachment":"scroll","background-type":"","background-media":"","overlay-type":"","overlay-color":"","overlay-opacity":"","overlay-gradient":""},"tablet":{"background-color":"","background-image":"","background-repeat":"repeat","background-position":"center center","background-size":"auto","background-attachment":"scroll","background-type":"","background-media":"","overlay-type":"","overlay-color":"","overlay-opacity":"","overlay-gradient":""},"mobile":{"background-color":"","background-image":"","background-repeat":"repeat","background-position":"center center","background-size":"auto","background-attachment":"scroll","background-type":"","background-media":"","overlay-type":"","overlay-color":"","overlay-opacity":"","overlay-gradient":""}},"ast-content-background-meta":{"desktop":{"background-color":"var(--ast-global-color-5)","background-image":"","background-repeat":"repeat","background-position":"center center","background-size":"auto","background-attachment":"scroll","background-type":"","background-media":"","overlay-type":"","overlay-color":"","overlay-opacity":"","overlay-gradient":""},"tablet":{"background-color":"var(--ast-global-color-5)","background-image":"","background-repeat":"repeat","background-position":"center center","background-size":"auto","background-attachment":"scroll","background-type":"","background-media":"","overlay-type":"","overlay-color":"","overlay-opacity":"","overlay-gradient":""},"mobile":{"background-color":"var(--ast-global-color-5)","background-image":"","background-repeat":"repeat","background-position":"center center","background-size":"auto","background-attachment":"scroll","background-type":"","background-media":"","overlay-type":"","overlay-color":"","overlay-opacity":"","overlay-gradient":""}}},"product_brand":[],"product_cat":[21],"product_tag":[],"class_list":{"0":"post-5336","1":"product","2":"type-product","3":"status-publish","4":"has-post-thumbnail","6":"product_cat-certificates","7":"desktop-align-left","8":"tablet-align-left","9":"mobile-align-left","10":"ast-product-gallery-layout-first-image-large","11":"ast-product-gallery-with-no-image","12":"ast-magnify-disabled","13":"ast-product-single-variable","15":"first","16":"instock","17":"taxable","18":"shipping-taxable","19":"purchasable","20":"product-type-variable"},"yoast_head":"<!-- This site is optimized with the Yoast SEO plugin v26.8 - https:\/\/yoast.com\/product\/yoast-seo-wordpress\/ -->\n<title>Beglaubigte \u00dcbersetzung Scheidungsurkunde | MyBeglaubigung.de<\/title>\n<meta name=\"description\" content=\"Beglaubigte \u00dcbersetzung deiner Scheidungsurkunde von in Deutschland vereidigten \u00dcbersetzer:innen. Akzeptiert von allen \u00c4mtern, Beh\u00f6rden und Gerichten.\" \/>\n<meta name=\"robots\" content=\"index, follow, max-snippet:-1, max-image-preview:large, max-video-preview:-1\" \/>\n<link rel=\"canonical\" href=\"https:\/\/mybeglaubigung.de\/ua\/shop\/certificates\/divorce-certificate\/\" \/>\n<meta property=\"og:locale\" content=\"uk_UA\" \/>\n<meta property=\"og:type\" content=\"article\" \/>\n<meta property=\"og:title\" content=\"Beglaubigte \u00dcbersetzung Scheidungsurkunde | MyBeglaubigung.de\" \/>\n<meta property=\"og:description\" content=\"Beglaubigte \u00dcbersetzung deiner Scheidungsurkunde von in Deutschland vereidigten \u00dcbersetzer:innen. Akzeptiert von allen \u00c4mtern, Beh\u00f6rden und Gerichten.\" \/>\n<meta property=\"og:url\" content=\"https:\/\/mybeglaubigung.de\/ua\/shop\/certificates\/divorce-certificate\/\" \/>\n<meta property=\"og:site_name\" content=\"MyBeglaubigung.de | Beglaubigte \u00dcbersetzungen\" \/>\n<meta property=\"article:modified_time\" content=\"2026-04-11T07:28:28+00:00\" \/>\n<meta property=\"og:image\" content=\"https:\/\/mybeglaubigung.de\/wp-content\/uploads\/2024\/05\/scheidungsurkunde_kl.jpg\" \/>\n\t<meta property=\"og:image:width\" content=\"1500\" \/>\n\t<meta property=\"og:image:height\" content=\"1000\" \/>\n\t<meta property=\"og:image:type\" content=\"image\/jpeg\" \/>\n<meta name=\"twitter:card\" content=\"summary_large_image\" \/>\n<meta name=\"twitter:label1\" content=\"\u041f\u0440\u0438\u0431\u043b. \u0447\u0430\u0441 \u0447\u0438\u0442\u0430\u043d\u043d\u044f\" \/>\n\t<meta name=\"twitter:data1\" content=\"1 \u0445\u0432\u0438\u043b\u0438\u043d\u0430\" \/>\n<script type=\"application\/ld+json\" class=\"yoast-schema-graph\">{\"@context\":\"https:\/\/schema.org\",\"@graph\":[{\"@type\":\"WebPage\",\"@id\":\"https:\/\/mybeglaubigung.de\/shop\/certificates\/divorce-certificate\/\",\"url\":\"https:\/\/mybeglaubigung.de\/shop\/certificates\/divorce-certificate\/\",\"name\":\"Beglaubigte \u00dcbersetzung Scheidungsurkunde | MyBeglaubigung.de\",\"isPartOf\":{\"@id\":\"https:\/\/mybeglaubigung.de\/#website\"},\"primaryImageOfPage\":{\"@id\":\"https:\/\/mybeglaubigung.de\/shop\/certificates\/divorce-certificate\/#primaryimage\"},\"image\":{\"@id\":\"https:\/\/mybeglaubigung.de\/shop\/certificates\/divorce-certificate\/#primaryimage\"},\"thumbnailUrl\":\"https:\/\/mybeglaubigung.de\/wp-content\/uploads\/2024\/05\/scheidungsurkunde_kl.jpg\",\"datePublished\":\"2023-12-09T03:11:53+00:00\",\"dateModified\":\"2026-04-11T07:28:28+00:00\",\"description\":\"Beglaubigte \u00dcbersetzung deiner Scheidungsurkunde von in Deutschland vereidigten \u00dcbersetzer:innen. Akzeptiert von allen \u00c4mtern, Beh\u00f6rden und Gerichten.\",\"breadcrumb\":{\"@id\":\"https:\/\/mybeglaubigung.de\/shop\/certificates\/divorce-certificate\/#breadcrumb\"},\"inLanguage\":\"uk\",\"potentialAction\":[{\"@type\":\"ReadAction\",\"target\":[\"https:\/\/mybeglaubigung.de\/shop\/certificates\/divorce-certificate\/\"]}]},{\"@type\":\"ImageObject\",\"inLanguage\":\"uk\",\"@id\":\"https:\/\/mybeglaubigung.de\/shop\/certificates\/divorce-certificate\/#primaryimage\",\"url\":\"https:\/\/mybeglaubigung.de\/wp-content\/uploads\/2024\/05\/scheidungsurkunde_kl.jpg\",\"contentUrl\":\"https:\/\/mybeglaubigung.de\/wp-content\/uploads\/2024\/05\/scheidungsurkunde_kl.jpg\",\"width\":1500,\"height\":1000,\"caption\":\"Scheidungsurkunde\"},{\"@type\":\"BreadcrumbList\",\"@id\":\"https:\/\/mybeglaubigung.de\/shop\/certificates\/divorce-certificate\/#breadcrumb\",\"itemListElement\":[{\"@type\":\"ListItem\",\"position\":1,\"name\":\"Startseite\",\"item\":\"https:\/\/mybeglaubigung.de\/\"},{\"@type\":\"ListItem\",\"position\":2,\"name\":\"Shop\",\"item\":\"https:\/\/mybeglaubigung.de\/online-shop\/\"},{\"@type\":\"ListItem\",\"position\":3,\"name\":\"SCHEIDUNGSURKUNDE\"}]},{\"@type\":\"WebSite\",\"@id\":\"https:\/\/mybeglaubigung.de\/#website\",\"url\":\"https:\/\/mybeglaubigung.de\/\",\"name\":\"MyBeglaubigung.de | Beglaubigte \u00dcbersetzungen\",\"description\":\"Beglaubigte \u00dcbersetzungen einfach online bestellen.\",\"publisher\":{\"@id\":\"https:\/\/mybeglaubigung.de\/#organization\"},\"potentialAction\":[{\"@type\":\"SearchAction\",\"target\":{\"@type\":\"EntryPoint\",\"urlTemplate\":\"https:\/\/mybeglaubigung.de\/?s={search_term_string}\"},\"query-input\":{\"@type\":\"PropertyValueSpecification\",\"valueRequired\":true,\"valueName\":\"search_term_string\"}}],\"inLanguage\":\"uk\"},{\"@type\":\"Organization\",\"@id\":\"https:\/\/mybeglaubigung.de\/#organization\",\"name\":\"MyBeglaubigung.de | Beglaubigte \u00dcbersetzungen\",\"url\":\"https:\/\/mybeglaubigung.de\/\",\"logo\":{\"@type\":\"ImageObject\",\"inLanguage\":\"uk\",\"@id\":\"https:\/\/mybeglaubigung.de\/#\/schema\/logo\/image\/\",\"url\":\"https:\/\/mybeglaubigung.de\/wp-content\/uploads\/2023\/11\/cropped-Logo-700x233-1.png\",\"contentUrl\":\"https:\/\/mybeglaubigung.de\/wp-content\/uploads\/2023\/11\/cropped-Logo-700x233-1.png\",\"width\":533,\"height\":138,\"caption\":\"MyBeglaubigung.de | Beglaubigte \u00dcbersetzungen\"},\"image\":{\"@id\":\"https:\/\/mybeglaubigung.de\/#\/schema\/logo\/image\/\"}}]}<\/script>\n<!-- \/ Yoast SEO plugin. -->","yoast_head_json":{"title":"Beglaubigte \u00dcbersetzung Scheidungsurkunde | MyBeglaubigung.de","description":"Beglaubigte \u00dcbersetzung deiner Scheidungsurkunde von in Deutschland vereidigten \u00dcbersetzer:innen. Akzeptiert von allen \u00c4mtern, Beh\u00f6rden und Gerichten.","robots":{"index":"index","follow":"follow","max-snippet":"max-snippet:-1","max-image-preview":"max-image-preview:large","max-video-preview":"max-video-preview:-1"},"canonical":"https:\/\/mybeglaubigung.de\/ua\/shop\/certificates\/divorce-certificate\/","og_locale":"uk_UA","og_type":"article","og_title":"Beglaubigte \u00dcbersetzung Scheidungsurkunde | MyBeglaubigung.de","og_description":"Beglaubigte \u00dcbersetzung deiner Scheidungsurkunde von in Deutschland vereidigten \u00dcbersetzer:innen. Akzeptiert von allen \u00c4mtern, Beh\u00f6rden und Gerichten.","og_url":"https:\/\/mybeglaubigung.de\/ua\/shop\/certificates\/divorce-certificate\/","og_site_name":"MyBeglaubigung.de | Beglaubigte \u00dcbersetzungen","article_modified_time":"2026-04-11T07:28:28+00:00","og_image":[{"width":1500,"height":1000,"url":"https:\/\/mybeglaubigung.de\/wp-content\/uploads\/2024\/05\/scheidungsurkunde_kl.jpg","type":"image\/jpeg"}],"twitter_card":"summary_large_image","twitter_misc":{"\u041f\u0440\u0438\u0431\u043b. \u0447\u0430\u0441 \u0447\u0438\u0442\u0430\u043d\u043d\u044f":"1 \u0445\u0432\u0438\u043b\u0438\u043d\u0430"},"schema":{"@context":"https:\/\/schema.org","@graph":[{"@type":"WebPage","@id":"https:\/\/mybeglaubigung.de\/shop\/certificates\/divorce-certificate\/","url":"https:\/\/mybeglaubigung.de\/shop\/certificates\/divorce-certificate\/","name":"Beglaubigte \u00dcbersetzung Scheidungsurkunde | MyBeglaubigung.de","isPartOf":{"@id":"https:\/\/mybeglaubigung.de\/#website"},"primaryImageOfPage":{"@id":"https:\/\/mybeglaubigung.de\/shop\/certificates\/divorce-certificate\/#primaryimage"},"image":{"@id":"https:\/\/mybeglaubigung.de\/shop\/certificates\/divorce-certificate\/#primaryimage"},"thumbnailUrl":"https:\/\/mybeglaubigung.de\/wp-content\/uploads\/2024\/05\/scheidungsurkunde_kl.jpg","datePublished":"2023-12-09T03:11:53+00:00","dateModified":"2026-04-11T07:28:28+00:00","description":"Beglaubigte \u00dcbersetzung deiner Scheidungsurkunde von in Deutschland vereidigten \u00dcbersetzer:innen. Akzeptiert von allen \u00c4mtern, Beh\u00f6rden und Gerichten.","breadcrumb":{"@id":"https:\/\/mybeglaubigung.de\/shop\/certificates\/divorce-certificate\/#breadcrumb"},"inLanguage":"uk","potentialAction":[{"@type":"ReadAction","target":["https:\/\/mybeglaubigung.de\/shop\/certificates\/divorce-certificate\/"]}]},{"@type":"ImageObject","inLanguage":"uk","@id":"https:\/\/mybeglaubigung.de\/shop\/certificates\/divorce-certificate\/#primaryimage","url":"https:\/\/mybeglaubigung.de\/wp-content\/uploads\/2024\/05\/scheidungsurkunde_kl.jpg","contentUrl":"https:\/\/mybeglaubigung.de\/wp-content\/uploads\/2024\/05\/scheidungsurkunde_kl.jpg","width":1500,"height":1000,"caption":"Scheidungsurkunde"},{"@type":"BreadcrumbList","@id":"https:\/\/mybeglaubigung.de\/shop\/certificates\/divorce-certificate\/#breadcrumb","itemListElement":[{"@type":"ListItem","position":1,"name":"Startseite","item":"https:\/\/mybeglaubigung.de\/"},{"@type":"ListItem","position":2,"name":"Shop","item":"https:\/\/mybeglaubigung.de\/online-shop\/"},{"@type":"ListItem","position":3,"name":"SCHEIDUNGSURKUNDE"}]},{"@type":"WebSite","@id":"https:\/\/mybeglaubigung.de\/#website","url":"https:\/\/mybeglaubigung.de\/","name":"MyBeglaubigung.de | \u0417\u0430\u0441\u0432\u0456\u0434\u0447\u0435\u043d\u0456 \u043f\u0435\u0440\u0435\u043a\u043b\u0430\u0434\u0438","description":"Beglaubigte \u00dcbersetzungen einfach online bestellen.","publisher":{"@id":"https:\/\/mybeglaubigung.de\/#organization"},"potentialAction":[{"@type":"SearchAction","target":{"@type":"EntryPoint","urlTemplate":"https:\/\/mybeglaubigung.de\/?s={search_term_string}"},"query-input":{"@type":"PropertyValueSpecification","valueRequired":true,"valueName":"search_term_string"}}],"inLanguage":"uk"},{"@type":"Organization","@id":"https:\/\/mybeglaubigung.de\/#organization","name":"MyBeglaubigung.de | \u0417\u0430\u0441\u0432\u0456\u0434\u0447\u0435\u043d\u0456 \u043f\u0435\u0440\u0435\u043a\u043b\u0430\u0434\u0438","url":"https:\/\/mybeglaubigung.de\/","logo":{"@type":"ImageObject","inLanguage":"uk","@id":"https:\/\/mybeglaubigung.de\/#\/schema\/logo\/image\/","url":"https:\/\/mybeglaubigung.de\/wp-content\/uploads\/2023\/11\/cropped-Logo-700x233-1.png","contentUrl":"https:\/\/mybeglaubigung.de\/wp-content\/uploads\/2023\/11\/cropped-Logo-700x233-1.png","width":533,"height":138,"caption":"MyBeglaubigung.de | Beglaubigte \u00dcbersetzungen"},"image":{"@id":"https:\/\/mybeglaubigung.de\/#\/schema\/logo\/image\/"}}]}},"uagb_featured_image_src":{"full":["https:\/\/mybeglaubigung.de\/wp-content\/uploads\/2024\/05\/scheidungsurkunde_kl.jpg",1500,1000,false],"thumbnail":["https:\/\/mybeglaubigung.de\/wp-content\/uploads\/2024\/05\/scheidungsurkunde_kl-150x150.jpg",150,150,true],"medium":["https:\/\/mybeglaubigung.de\/wp-content\/uploads\/2024\/05\/scheidungsurkunde_kl-300x200.jpg",300,200,true],"medium_large":["https:\/\/mybeglaubigung.de\/wp-content\/uploads\/2024\/05\/scheidungsurkunde_kl-768x512.jpg",768,512,true],"large":["https:\/\/mybeglaubigung.de\/wp-content\/uploads\/2024\/05\/scheidungsurkunde_kl-1024x683.jpg",1024,683,true],"1536x1536":["https:\/\/mybeglaubigung.de\/wp-content\/uploads\/2024\/05\/scheidungsurkunde_kl.jpg",1500,1000,false],"2048x2048":["https:\/\/mybeglaubigung.de\/wp-content\/uploads\/2024\/05\/scheidungsurkunde_kl.jpg",1500,1000,false],"trp-custom-language-flag":["https:\/\/mybeglaubigung.de\/wp-content\/uploads\/2024\/05\/scheidungsurkunde_kl-18x12.jpg",18,12,true],"woocommerce_thumbnail":["https:\/\/mybeglaubigung.de\/wp-content\/uploads\/2024\/05\/scheidungsurkunde_kl-600x600.jpg",600,600,true],"woocommerce_single":["https:\/\/mybeglaubigung.de\/wp-content\/uploads\/2024\/05\/scheidungsurkunde_kl-600x400.jpg",600,400,true],"woocommerce_gallery_thumbnail":["https:\/\/mybeglaubigung.de\/wp-content\/uploads\/2024\/05\/scheidungsurkunde_kl-100x100.jpg",100,100,true]},"uagb_author_info":{"display_name":"Admin","author_link":"https:\/\/mybeglaubigung.de\/ua\/author\/"},"uagb_comment_info":0,"uagb_excerpt":"(inkl. 19,0% MwSt.) &nbsp; \u00dcbersetzung + Beglaubigung mit offiziellem Stempel von vereidigten \u00dcbersetzer:innen. &nbsp; Lieferung per E-Mail und Post innerhalb von 2-3 Werktagen. Bei mehr als zwei Seiten ben\u00f6tigen wir pro Seite 1-2 zus\u00e4tzliche Werktage.","jetpack_sharing_enabled":true,"_links":{"self":[{"href":"https:\/\/mybeglaubigung.de\/ua\/wp-json\/wp\/v2\/product\/5336","targetHints":{"allow":["GET"]}}],"collection":[{"href":"https:\/\/mybeglaubigung.de\/ua\/wp-json\/wp\/v2\/product"}],"about":[{"href":"https:\/\/mybeglaubigung.de\/ua\/wp-json\/wp\/v2\/types\/product"}],"replies":[{"embeddable":true,"href":"https:\/\/mybeglaubigung.de\/ua\/wp-json\/wp\/v2\/comments?post=5336"}],"version-history":[{"count":5,"href":"https:\/\/mybeglaubigung.de\/ua\/wp-json\/wp\/v2\/product\/5336\/revisions"}],"predecessor-version":[{"id":19758,"href":"https:\/\/mybeglaubigung.de\/ua\/wp-json\/wp\/v2\/product\/5336\/revisions\/19758"}],"wp:featuredmedia":[{"embeddable":true,"href":"https:\/\/mybeglaubigung.de\/ua\/wp-json\/wp\/v2\/media\/6756"}],"wp:attachment":[{"href":"https:\/\/mybeglaubigung.de\/ua\/wp-json\/wp\/v2\/media?parent=5336"}],"wp:term":[{"taxonomy":"product_brand","embeddable":true,"href":"https:\/\/mybeglaubigung.de\/ua\/wp-json\/wp\/v2\/product_brand?post=5336"},{"taxonomy":"product_cat","embeddable":true,"href":"https:\/\/mybeglaubigung.de\/ua\/wp-json\/wp\/v2\/product_cat?post=5336"},{"taxonomy":"product_tag","embeddable":true,"href":"https:\/\/mybeglaubigung.de\/ua\/wp-json\/wp\/v2\/product_tag?post=5336"}],"curies":[{"name":"wp","href":"https:\/\/api.w.org\/{rel}","templated":true}]}}