{"id":998,"date":"2021-08-17T07:47:53","date_gmt":"2021-08-17T05:47:53","guid":{"rendered":"https:\/\/mybeglaubigung.de\/cart\/"},"modified":"2024-05-23T15:46:01","modified_gmt":"2024-05-23T13:46:01","slug":"warenkorb","status":"publish","type":"page","link":"https:\/\/mybeglaubigung.de\/ua\/warenkorb\/","title":{"rendered":"\u041a\u043e\u0448\u0438\u043a"},"content":{"rendered":"<div data-elementor-type=\"wp-page\" data-elementor-id=\"998\" class=\"elementor elementor-998\" data-elementor-post-type=\"page\">\n\t\t\t\t\t\t<section class=\"elementor-section elementor-top-section elementor-element elementor-element-59021aaa elementor-section-full_width elementor-section-height-default elementor-section-height-default\" data-id=\"59021aaa\" data-element_type=\"section\" data-e-type=\"section\">\n\t\t\t\t\t\t<div class=\"elementor-container elementor-column-gap-default\">\n\t\t\t\t\t<div class=\"elementor-column elementor-col-100 elementor-top-column elementor-element elementor-element-3c5717c\" data-id=\"3c5717c\" data-element_type=\"column\" data-e-type=\"column\">\n\t\t\t<div class=\"elementor-widget-wrap elementor-element-populated\">\n\t\t\t\t\t\t<div class=\"elementor-element elementor-element-5993ed8 elementor-widget elementor-widget-shortcode\" data-id=\"5993ed8\" data-element_type=\"widget\" data-e-type=\"widget\" data-widget_type=\"shortcode.default\">\n\t\t\t\t<div class=\"elementor-widget-container\">\n\t\t\t\t\t\t\t<div class=\"elementor-shortcode\"><\/div>\n\t\t\t\t\t\t<\/div>\n\t\t\t\t<\/div>\n\t\t\t\t\t<\/div>\n\t\t<\/div>\n\t\t\t\t\t<\/div>\n\t\t<\/section>\n\t\t\t\t<\/div>","protected":false},"excerpt":{"rendered":"","protected":false},"author":1,"featured_media":0,"parent":0,"menu_order":0,"comment_status":"closed","ping_status":"closed","template":"","meta":{"_uag_custom_page_level_css":"","site-sidebar-layout":"no-sidebar","site-content-layout":"default","ast-site-content-layout":"default","site-content-style":"default","site-sidebar-style":"default","ast-global-header-display":"","ast-banner-title-visibility":"","ast-main-header-display":"","ast-hfb-above-header-display":"","ast-hfb-below-header-display":"","ast-hfb-mobile-header-display":"","site-post-title":"","ast-breadcrumbs-content":"","ast-featured-img":"","footer-sml-layout":"","ast-disable-related-posts":"","theme-transparent-header-meta":"","adv-header-id-meta":"","stick-header-meta":"","header-above-stick-meta":"","header-main-stick-meta":"","header-below-stick-meta":"","astra-migrate-meta-layouts":"default","ast-page-background-enabled":"default","ast-page-background-meta":{"desktop":{"background-color":"var(--ast-global-color-4)","background-image":"","background-repeat":"repeat","background-position":"center center","background-size":"auto","background-attachment":"scroll","background-type":"","background-media":"","overlay-type":"","overlay-color":"","overlay-opacity":"","overlay-gradient":""},"tablet":{"background-color":"","background-image":"","background-repeat":"repeat","background-position":"center center","background-size":"auto","background-attachment":"scroll","background-type":"","background-media":"","overlay-type":"","overlay-color":"","overlay-opacity":"","overlay-gradient":""},"mobile":{"background-color":"","background-image":"","background-repeat":"repeat","background-position":"center center","background-size":"auto","background-attachment":"scroll","background-type":"","background-media":"","overlay-type":"","overlay-color":"","overlay-opacity":"","overlay-gradient":""}},"ast-content-background-meta":{"desktop":{"background-color":"var(--ast-global-color-5)","background-image":"","background-repeat":"repeat","background-position":"center center","background-size":"auto","background-attachment":"scroll","background-type":"","background-media":"","overlay-type":"","overlay-color":"","overlay-opacity":"","overlay-gradient":""},"tablet":{"background-color":"var(--ast-global-color-5)","background-image":"","background-repeat":"repeat","background-position":"center center","background-size":"auto","background-attachment":"scroll","background-type":"","background-media":"","overlay-type":"","overlay-color":"","overlay-opacity":"","overlay-gradient":""},"mobile":{"background-color":"var(--ast-global-color-5)","background-image":"","background-repeat":"repeat","background-position":"center center","background-size":"auto","background-attachment":"scroll","background-type":"","background-media":"","overlay-type":"","overlay-color":"","overlay-opacity":"","overlay-gradient":""}},"footnotes":""},"class_list":["post-998","page","type-page","status-publish","hentry"],"yoast_head":"<!-- This site is optimized with the Yoast SEO plugin v26.8 - https:\/\/yoast.com\/product\/yoast-seo-wordpress\/ -->\n<title>Beglaubigte \u00dcbersetzungen | MyBeglaubigung.de<\/title>\n<meta name=\"description\" content=\"Du bist hier: Warenkorb von MyBeglaubigung.de | Online-Shop f\u00fcr beglaubigte \u00dcbersetzungen.\" \/>\n<meta name=\"robots\" content=\"index, follow, max-snippet:-1, max-image-preview:large, max-video-preview:-1\" \/>\n<link rel=\"canonical\" href=\"https:\/\/mybeglaubigung.de\/ua\/warenkorb\/\" \/>\n<meta property=\"og:locale\" content=\"uk_UA\" \/>\n<meta property=\"og:type\" content=\"article\" \/>\n<meta property=\"og:title\" content=\"Beglaubigte \u00dcbersetzungen | MyBeglaubigung.de\" \/>\n<meta property=\"og:description\" content=\"Du bist hier: Warenkorb von MyBeglaubigung.de | Online-Shop f\u00fcr beglaubigte \u00dcbersetzungen.\" \/>\n<meta property=\"og:url\" content=\"https:\/\/mybeglaubigung.de\/ua\/warenkorb\/\" \/>\n<meta property=\"og:site_name\" content=\"MyBeglaubigung.de | Beglaubigte \u00dcbersetzungen\" \/>\n<meta property=\"article:modified_time\" content=\"2024-05-23T13:46:01+00:00\" \/>\n<meta name=\"twitter:card\" content=\"summary_large_image\" \/>\n<script type=\"application\/ld+json\" class=\"yoast-schema-graph\">{\"@context\":\"https:\/\/schema.org\",\"@graph\":[{\"@type\":\"WebPage\",\"@id\":\"https:\/\/mybeglaubigung.de\/warenkorb\/\",\"url\":\"https:\/\/mybeglaubigung.de\/warenkorb\/\",\"name\":\"Beglaubigte \u00dcbersetzungen | MyBeglaubigung.de\",\"isPartOf\":{\"@id\":\"https:\/\/mybeglaubigung.de\/#website\"},\"datePublished\":\"2021-08-17T05:47:53+00:00\",\"dateModified\":\"2024-05-23T13:46:01+00:00\",\"description\":\"Du bist hier: Warenkorb von MyBeglaubigung.de | Online-Shop f\u00fcr beglaubigte \u00dcbersetzungen.\",\"breadcrumb\":{\"@id\":\"https:\/\/mybeglaubigung.de\/warenkorb\/#breadcrumb\"},\"inLanguage\":\"uk\",\"potentialAction\":[{\"@type\":\"ReadAction\",\"target\":[\"https:\/\/mybeglaubigung.de\/warenkorb\/\"]}]},{\"@type\":\"BreadcrumbList\",\"@id\":\"https:\/\/mybeglaubigung.de\/warenkorb\/#breadcrumb\",\"itemListElement\":[{\"@type\":\"ListItem\",\"position\":1,\"name\":\"Startseite\",\"item\":\"https:\/\/mybeglaubigung.de\/\"},{\"@type\":\"ListItem\",\"position\":2,\"name\":\"Warenkorb\"}]},{\"@type\":\"WebSite\",\"@id\":\"https:\/\/mybeglaubigung.de\/#website\",\"url\":\"https:\/\/mybeglaubigung.de\/\",\"name\":\"MyBeglaubigung.de | Beglaubigte \u00dcbersetzungen\",\"description\":\"Beglaubigte \u00dcbersetzungen einfach online bestellen.\",\"publisher\":{\"@id\":\"https:\/\/mybeglaubigung.de\/#organization\"},\"potentialAction\":[{\"@type\":\"SearchAction\",\"target\":{\"@type\":\"EntryPoint\",\"urlTemplate\":\"https:\/\/mybeglaubigung.de\/?s={search_term_string}\"},\"query-input\":{\"@type\":\"PropertyValueSpecification\",\"valueRequired\":true,\"valueName\":\"search_term_string\"}}],\"inLanguage\":\"uk\"},{\"@type\":\"Organization\",\"@id\":\"https:\/\/mybeglaubigung.de\/#organization\",\"name\":\"MyBeglaubigung.de | Beglaubigte \u00dcbersetzungen\",\"url\":\"https:\/\/mybeglaubigung.de\/\",\"logo\":{\"@type\":\"ImageObject\",\"inLanguage\":\"uk\",\"@id\":\"https:\/\/mybeglaubigung.de\/#\/schema\/logo\/image\/\",\"url\":\"https:\/\/mybeglaubigung.de\/wp-content\/uploads\/2023\/11\/cropped-Logo-700x233-1.png\",\"contentUrl\":\"https:\/\/mybeglaubigung.de\/wp-content\/uploads\/2023\/11\/cropped-Logo-700x233-1.png\",\"width\":533,\"height\":138,\"caption\":\"MyBeglaubigung.de | Beglaubigte \u00dcbersetzungen\"},\"image\":{\"@id\":\"https:\/\/mybeglaubigung.de\/#\/schema\/logo\/image\/\"}}]}<\/script>\n<!-- \/ Yoast SEO plugin. -->","yoast_head_json":{"title":"\u0417\u0430\u0441\u0432\u0456\u0434\u0447\u0435\u043d\u0456 \u043f\u0435\u0440\u0435\u043a\u043b\u0430\u0434\u0438 | MyBeglaubigung.de","description":"Du bist hier: Warenkorb von MyBeglaubigung.de | Online-Shop f\u00fcr beglaubigte \u00dcbersetzungen.","robots":{"index":"index","follow":"follow","max-snippet":"max-snippet:-1","max-image-preview":"max-image-preview:large","max-video-preview":"max-video-preview:-1"},"canonical":"https:\/\/mybeglaubigung.de\/ua\/warenkorb\/","og_locale":"uk_UA","og_type":"article","og_title":"Beglaubigte \u00dcbersetzungen | MyBeglaubigung.de","og_description":"Du bist hier: Warenkorb von MyBeglaubigung.de | Online-Shop f\u00fcr beglaubigte \u00dcbersetzungen.","og_url":"https:\/\/mybeglaubigung.de\/ua\/warenkorb\/","og_site_name":"MyBeglaubigung.de | Beglaubigte \u00dcbersetzungen","article_modified_time":"2024-05-23T13:46:01+00:00","twitter_card":"summary_large_image","schema":{"@context":"https:\/\/schema.org","@graph":[{"@type":"WebPage","@id":"https:\/\/mybeglaubigung.de\/warenkorb\/","url":"https:\/\/mybeglaubigung.de\/warenkorb\/","name":"\u0417\u0430\u0441\u0432\u0456\u0434\u0447\u0435\u043d\u0456 \u043f\u0435\u0440\u0435\u043a\u043b\u0430\u0434\u0438 | MyBeglaubigung.de","isPartOf":{"@id":"https:\/\/mybeglaubigung.de\/#website"},"datePublished":"2021-08-17T05:47:53+00:00","dateModified":"2024-05-23T13:46:01+00:00","description":"Du bist hier: Warenkorb von MyBeglaubigung.de | Online-Shop f\u00fcr beglaubigte \u00dcbersetzungen.","breadcrumb":{"@id":"https:\/\/mybeglaubigung.de\/warenkorb\/#breadcrumb"},"inLanguage":"uk","potentialAction":[{"@type":"ReadAction","target":["https:\/\/mybeglaubigung.de\/warenkorb\/"]}]},{"@type":"BreadcrumbList","@id":"https:\/\/mybeglaubigung.de\/warenkorb\/#breadcrumb","itemListElement":[{"@type":"ListItem","position":1,"name":"Startseite","item":"https:\/\/mybeglaubigung.de\/"},{"@type":"ListItem","position":2,"name":"Warenkorb"}]},{"@type":"WebSite","@id":"https:\/\/mybeglaubigung.de\/#website","url":"https:\/\/mybeglaubigung.de\/","name":"MyBeglaubigung.de | \u0417\u0430\u0441\u0432\u0456\u0434\u0447\u0435\u043d\u0456 \u043f\u0435\u0440\u0435\u043a\u043b\u0430\u0434\u0438","description":"Beglaubigte \u00dcbersetzungen einfach online bestellen.","publisher":{"@id":"https:\/\/mybeglaubigung.de\/#organization"},"potentialAction":[{"@type":"SearchAction","target":{"@type":"EntryPoint","urlTemplate":"https:\/\/mybeglaubigung.de\/?s={search_term_string}"},"query-input":{"@type":"PropertyValueSpecification","valueRequired":true,"valueName":"search_term_string"}}],"inLanguage":"uk"},{"@type":"Organization","@id":"https:\/\/mybeglaubigung.de\/#organization","name":"MyBeglaubigung.de | \u0417\u0430\u0441\u0432\u0456\u0434\u0447\u0435\u043d\u0456 \u043f\u0435\u0440\u0435\u043a\u043b\u0430\u0434\u0438","url":"https:\/\/mybeglaubigung.de\/","logo":{"@type":"ImageObject","inLanguage":"uk","@id":"https:\/\/mybeglaubigung.de\/#\/schema\/logo\/image\/","url":"https:\/\/mybeglaubigung.de\/wp-content\/uploads\/2023\/11\/cropped-Logo-700x233-1.png","contentUrl":"https:\/\/mybeglaubigung.de\/wp-content\/uploads\/2023\/11\/cropped-Logo-700x233-1.png","width":533,"height":138,"caption":"MyBeglaubigung.de | Beglaubigte \u00dcbersetzungen"},"image":{"@id":"https:\/\/mybeglaubigung.de\/#\/schema\/logo\/image\/"}}]}},"uagb_featured_image_src":{"full":false,"thumbnail":false,"medium":false,"medium_large":false,"large":false,"1536x1536":false,"2048x2048":false,"trp-custom-language-flag":false,"woocommerce_thumbnail":false,"woocommerce_single":false,"woocommerce_gallery_thumbnail":false},"uagb_author_info":{"display_name":"Admin","author_link":"https:\/\/mybeglaubigung.de\/ua\/author\/admin\/"},"uagb_comment_info":0,"uagb_excerpt":null,"jetpack_sharing_enabled":true,"_links":{"self":[{"href":"https:\/\/mybeglaubigung.de\/ua\/wp-json\/wp\/v2\/pages\/998","targetHints":{"allow":["GET"]}}],"collection":[{"href":"https:\/\/mybeglaubigung.de\/ua\/wp-json\/wp\/v2\/pages"}],"about":[{"href":"https:\/\/mybeglaubigung.de\/ua\/wp-json\/wp\/v2\/types\/page"}],"author":[{"embeddable":true,"href":"https:\/\/mybeglaubigung.de\/ua\/wp-json\/wp\/v2\/users\/1"}],"replies":[{"embeddable":true,"href":"https:\/\/mybeglaubigung.de\/ua\/wp-json\/wp\/v2\/comments?post=998"}],"version-history":[{"count":23,"href":"https:\/\/mybeglaubigung.de\/ua\/wp-json\/wp\/v2\/pages\/998\/revisions"}],"predecessor-version":[{"id":6801,"href":"https:\/\/mybeglaubigung.de\/ua\/wp-json\/wp\/v2\/pages\/998\/revisions\/6801"}],"wp:attachment":[{"href":"https:\/\/mybeglaubigung.de\/ua\/wp-json\/wp\/v2\/media?parent=998"}],"curies":[{"name":"wp","href":"https:\/\/api.w.org\/{rel}","templated":true}]}}