{"id":5314,"date":"2023-12-09T04:11:50","date_gmt":"2023-12-09T03:11:50","guid":{"rendered":"https:\/\/mybeglaubigung.de\/?post_type=product&#038;p=5314"},"modified":"2026-04-11T09:28:24","modified_gmt":"2026-04-11T07:28:24","slug":"contract","status":"publish","type":"product","link":"https:\/\/mybeglaubigung.de\/en\/shop\/contracts\/contract\/","title":{"rendered":"CONTRACT"},"content":{"rendered":"<p>Beglaubigte \u00dcbersetzung von Vertr\u00e4gen (zum Beispiel Kaufvertrag, Mietvertrag, etc.).<\/p>","protected":false},"excerpt":{"rendered":"<p>(including 19.0% VAT)<\/p>\n<p>&nbsp;<\/p>\n<p class=\"translation-block\"><strong>Translation + Certification<\/strong> with official stamp from sworn translators.<\/p>\n<p>&nbsp;<\/p>\n<p>Delivery by email and post within 2-3 business days. For more than two pages, we require an additional 1-2 business days per page.<\/p>","protected":false},"featured_media":6759,"comment_status":"open","ping_status":"closed","template":"","meta":{"_uag_custom_page_level_css":"","site-sidebar-layout":"default","site-content-layout":"default","ast-site-content-layout":"default","site-content-style":"default","site-sidebar-style":"default","ast-global-header-display":"","ast-banner-title-visibility":"","ast-main-header-display":"","ast-hfb-above-header-display":"","ast-hfb-below-header-display":"","ast-hfb-mobile-header-display":"","site-post-title":"","ast-breadcrumbs-content":"","ast-featured-img":"","footer-sml-layout":"","ast-disable-related-posts":"","theme-transparent-header-meta":"default","adv-header-id-meta":"","stick-header-meta":"default","header-above-stick-meta":"","header-main-stick-meta":"","header-below-stick-meta":"","astra-migrate-meta-layouts":"set","ast-page-background-enabled":"default","ast-page-background-meta":{"desktop":{"background-color":"var(--ast-global-color-4)","background-image":"","background-repeat":"repeat","background-position":"center center","background-size":"auto","background-attachment":"scroll","background-type":"","background-media":"","overlay-type":"","overlay-color":"","overlay-opacity":"","overlay-gradient":""},"tablet":{"background-color":"","background-image":"","background-repeat":"repeat","background-position":"center center","background-size":"auto","background-attachment":"scroll","background-type":"","background-media":"","overlay-type":"","overlay-color":"","overlay-opacity":"","overlay-gradient":""},"mobile":{"background-color":"","background-image":"","background-repeat":"repeat","background-position":"center center","background-size":"auto","background-attachment":"scroll","background-type":"","background-media":"","overlay-type":"","overlay-color":"","overlay-opacity":"","overlay-gradient":""}},"ast-content-background-meta":{"desktop":{"background-color":"var(--ast-global-color-5)","background-image":"","background-repeat":"repeat","background-position":"center center","background-size":"auto","background-attachment":"scroll","background-type":"","background-media":"","overlay-type":"","overlay-color":"","overlay-opacity":"","overlay-gradient":""},"tablet":{"background-color":"var(--ast-global-color-5)","background-image":"","background-repeat":"repeat","background-position":"center center","background-size":"auto","background-attachment":"scroll","background-type":"","background-media":"","overlay-type":"","overlay-color":"","overlay-opacity":"","overlay-gradient":""},"mobile":{"background-color":"var(--ast-global-color-5)","background-image":"","background-repeat":"repeat","background-position":"center center","background-size":"auto","background-attachment":"scroll","background-type":"","background-media":"","overlay-type":"","overlay-color":"","overlay-opacity":"","overlay-gradient":""}}},"product_brand":[],"product_cat":[52],"product_tag":[],"class_list":{"0":"post-5314","1":"product","2":"type-product","3":"status-publish","4":"has-post-thumbnail","6":"product_cat-contracts","7":"desktop-align-left","8":"tablet-align-left","9":"mobile-align-left","10":"ast-product-gallery-layout-first-image-large","11":"ast-product-gallery-with-no-image","12":"ast-magnify-disabled","13":"ast-product-single-variable","15":"first","16":"instock","17":"taxable","18":"shipping-taxable","19":"purchasable","20":"product-type-variable"},"yoast_head":"<!-- This site is optimized with the Yoast SEO plugin v26.8 - https:\/\/yoast.com\/product\/yoast-seo-wordpress\/ -->\n<title>Beglaubigte \u00dcbersetzung von Vertr\u00e4gen | MyBeglaubigung.de<\/title>\n<meta name=\"description\" content=\"Beglaubigte \u00dcbersetzung deines Vertrages von in Deutschland vereidigten \u00dcbersetzer:innen. Akzeptiert von allen \u00c4mtern, Beh\u00f6rden und Gerichten.\" \/>\n<meta name=\"robots\" content=\"index, follow, max-snippet:-1, max-image-preview:large, max-video-preview:-1\" \/>\n<link rel=\"canonical\" href=\"https:\/\/mybeglaubigung.de\/en\/shop\/contracts\/contract\/\" \/>\n<meta property=\"og:locale\" content=\"en_US\" \/>\n<meta property=\"og:type\" content=\"article\" \/>\n<meta property=\"og:title\" content=\"Beglaubigte \u00dcbersetzung von Vertr\u00e4gen | MyBeglaubigung.de\" \/>\n<meta property=\"og:description\" content=\"Beglaubigte \u00dcbersetzung deines Vertrages von in Deutschland vereidigten \u00dcbersetzer:innen. Akzeptiert von allen \u00c4mtern, Beh\u00f6rden und Gerichten.\" \/>\n<meta property=\"og:url\" content=\"https:\/\/mybeglaubigung.de\/en\/shop\/contracts\/contract\/\" \/>\n<meta property=\"og:site_name\" content=\"MyBeglaubigung.de | Beglaubigte \u00dcbersetzungen\" \/>\n<meta property=\"article:modified_time\" content=\"2026-04-11T07:28:24+00:00\" \/>\n<meta property=\"og:image\" content=\"https:\/\/mybeglaubigung.de\/wp-content\/uploads\/2023\/12\/vertrag_kl.jpg\" \/>\n\t<meta property=\"og:image:width\" content=\"1195\" \/>\n\t<meta property=\"og:image:height\" content=\"653\" \/>\n\t<meta property=\"og:image:type\" content=\"image\/jpeg\" \/>\n<meta name=\"twitter:card\" content=\"summary_large_image\" \/>\n<meta name=\"twitter:label1\" content=\"Est. reading time\" \/>\n\t<meta name=\"twitter:data1\" content=\"1 minute\" \/>\n<script type=\"application\/ld+json\" class=\"yoast-schema-graph\">{\"@context\":\"https:\/\/schema.org\",\"@graph\":[{\"@type\":\"WebPage\",\"@id\":\"https:\/\/mybeglaubigung.de\/shop\/contracts\/contract\/\",\"url\":\"https:\/\/mybeglaubigung.de\/shop\/contracts\/contract\/\",\"name\":\"Beglaubigte \u00dcbersetzung von Vertr\u00e4gen | MyBeglaubigung.de\",\"isPartOf\":{\"@id\":\"https:\/\/mybeglaubigung.de\/#website\"},\"primaryImageOfPage\":{\"@id\":\"https:\/\/mybeglaubigung.de\/shop\/contracts\/contract\/#primaryimage\"},\"image\":{\"@id\":\"https:\/\/mybeglaubigung.de\/shop\/contracts\/contract\/#primaryimage\"},\"thumbnailUrl\":\"https:\/\/mybeglaubigung.de\/wp-content\/uploads\/2023\/12\/vertrag_kl.jpg\",\"datePublished\":\"2023-12-09T03:11:50+00:00\",\"dateModified\":\"2026-04-11T07:28:24+00:00\",\"description\":\"Beglaubigte \u00dcbersetzung deines Vertrages von in Deutschland vereidigten \u00dcbersetzer:innen. Akzeptiert von allen \u00c4mtern, Beh\u00f6rden und Gerichten.\",\"breadcrumb\":{\"@id\":\"https:\/\/mybeglaubigung.de\/shop\/contracts\/contract\/#breadcrumb\"},\"inLanguage\":\"en-US\",\"potentialAction\":[{\"@type\":\"ReadAction\",\"target\":[\"https:\/\/mybeglaubigung.de\/shop\/contracts\/contract\/\"]}]},{\"@type\":\"ImageObject\",\"inLanguage\":\"en-US\",\"@id\":\"https:\/\/mybeglaubigung.de\/shop\/contracts\/contract\/#primaryimage\",\"url\":\"https:\/\/mybeglaubigung.de\/wp-content\/uploads\/2023\/12\/vertrag_kl.jpg\",\"contentUrl\":\"https:\/\/mybeglaubigung.de\/wp-content\/uploads\/2023\/12\/vertrag_kl.jpg\",\"width\":1195,\"height\":653,\"caption\":\"Vertrag\"},{\"@type\":\"BreadcrumbList\",\"@id\":\"https:\/\/mybeglaubigung.de\/shop\/contracts\/contract\/#breadcrumb\",\"itemListElement\":[{\"@type\":\"ListItem\",\"position\":1,\"name\":\"Startseite\",\"item\":\"https:\/\/mybeglaubigung.de\/\"},{\"@type\":\"ListItem\",\"position\":2,\"name\":\"Shop\",\"item\":\"https:\/\/mybeglaubigung.de\/online-shop\/\"},{\"@type\":\"ListItem\",\"position\":3,\"name\":\"VERTRAG\"}]},{\"@type\":\"WebSite\",\"@id\":\"https:\/\/mybeglaubigung.de\/#website\",\"url\":\"https:\/\/mybeglaubigung.de\/\",\"name\":\"MyBeglaubigung.de | Beglaubigte \u00dcbersetzungen\",\"description\":\"Beglaubigte \u00dcbersetzungen einfach online bestellen.\",\"publisher\":{\"@id\":\"https:\/\/mybeglaubigung.de\/#organization\"},\"potentialAction\":[{\"@type\":\"SearchAction\",\"target\":{\"@type\":\"EntryPoint\",\"urlTemplate\":\"https:\/\/mybeglaubigung.de\/?s={search_term_string}\"},\"query-input\":{\"@type\":\"PropertyValueSpecification\",\"valueRequired\":true,\"valueName\":\"search_term_string\"}}],\"inLanguage\":\"en-US\"},{\"@type\":\"Organization\",\"@id\":\"https:\/\/mybeglaubigung.de\/#organization\",\"name\":\"MyBeglaubigung.de | Beglaubigte \u00dcbersetzungen\",\"url\":\"https:\/\/mybeglaubigung.de\/\",\"logo\":{\"@type\":\"ImageObject\",\"inLanguage\":\"en-US\",\"@id\":\"https:\/\/mybeglaubigung.de\/#\/schema\/logo\/image\/\",\"url\":\"https:\/\/mybeglaubigung.de\/wp-content\/uploads\/2023\/11\/cropped-Logo-700x233-1.png\",\"contentUrl\":\"https:\/\/mybeglaubigung.de\/wp-content\/uploads\/2023\/11\/cropped-Logo-700x233-1.png\",\"width\":533,\"height\":138,\"caption\":\"MyBeglaubigung.de | Beglaubigte \u00dcbersetzungen\"},\"image\":{\"@id\":\"https:\/\/mybeglaubigung.de\/#\/schema\/logo\/image\/\"}}]}<\/script>\n<!-- \/ Yoast SEO plugin. -->","yoast_head_json":{"title":"Beglaubigte \u00dcbersetzung von Vertr\u00e4gen | MyBeglaubigung.de","description":"Beglaubigte \u00dcbersetzung deines Vertrages von in Deutschland vereidigten \u00dcbersetzer:innen. Akzeptiert von allen \u00c4mtern, Beh\u00f6rden und Gerichten.","robots":{"index":"index","follow":"follow","max-snippet":"max-snippet:-1","max-image-preview":"max-image-preview:large","max-video-preview":"max-video-preview:-1"},"canonical":"https:\/\/mybeglaubigung.de\/en\/shop\/contracts\/contract\/","og_locale":"en_US","og_type":"article","og_title":"Beglaubigte \u00dcbersetzung von Vertr\u00e4gen | MyBeglaubigung.de","og_description":"Beglaubigte \u00dcbersetzung deines Vertrages von in Deutschland vereidigten \u00dcbersetzer:innen. Akzeptiert von allen \u00c4mtern, Beh\u00f6rden und Gerichten.","og_url":"https:\/\/mybeglaubigung.de\/en\/shop\/contracts\/contract\/","og_site_name":"MyBeglaubigung.de | Beglaubigte \u00dcbersetzungen","article_modified_time":"2026-04-11T07:28:24+00:00","og_image":[{"width":1195,"height":653,"url":"https:\/\/mybeglaubigung.de\/wp-content\/uploads\/2023\/12\/vertrag_kl.jpg","type":"image\/jpeg"}],"twitter_card":"summary_large_image","twitter_misc":{"Est. reading time":"1 minute"},"schema":{"@context":"https:\/\/schema.org","@graph":[{"@type":"WebPage","@id":"https:\/\/mybeglaubigung.de\/shop\/contracts\/contract\/","url":"https:\/\/mybeglaubigung.de\/shop\/contracts\/contract\/","name":"Beglaubigte \u00dcbersetzung von Vertr\u00e4gen | MyBeglaubigung.de","isPartOf":{"@id":"https:\/\/mybeglaubigung.de\/#website"},"primaryImageOfPage":{"@id":"https:\/\/mybeglaubigung.de\/shop\/contracts\/contract\/#primaryimage"},"image":{"@id":"https:\/\/mybeglaubigung.de\/shop\/contracts\/contract\/#primaryimage"},"thumbnailUrl":"https:\/\/mybeglaubigung.de\/wp-content\/uploads\/2023\/12\/vertrag_kl.jpg","datePublished":"2023-12-09T03:11:50+00:00","dateModified":"2026-04-11T07:28:24+00:00","description":"Beglaubigte \u00dcbersetzung deines Vertrages von in Deutschland vereidigten \u00dcbersetzer:innen. Akzeptiert von allen \u00c4mtern, Beh\u00f6rden und Gerichten.","breadcrumb":{"@id":"https:\/\/mybeglaubigung.de\/shop\/contracts\/contract\/#breadcrumb"},"inLanguage":"en-US","potentialAction":[{"@type":"ReadAction","target":["https:\/\/mybeglaubigung.de\/shop\/contracts\/contract\/"]}]},{"@type":"ImageObject","inLanguage":"en-US","@id":"https:\/\/mybeglaubigung.de\/shop\/contracts\/contract\/#primaryimage","url":"https:\/\/mybeglaubigung.de\/wp-content\/uploads\/2023\/12\/vertrag_kl.jpg","contentUrl":"https:\/\/mybeglaubigung.de\/wp-content\/uploads\/2023\/12\/vertrag_kl.jpg","width":1195,"height":653,"caption":"Vertrag"},{"@type":"BreadcrumbList","@id":"https:\/\/mybeglaubigung.de\/shop\/contracts\/contract\/#breadcrumb","itemListElement":[{"@type":"ListItem","position":1,"name":"Startseite","item":"https:\/\/mybeglaubigung.de\/"},{"@type":"ListItem","position":2,"name":"Shop","item":"https:\/\/mybeglaubigung.de\/online-shop\/"},{"@type":"ListItem","position":3,"name":"VERTRAG"}]},{"@type":"WebSite","@id":"https:\/\/mybeglaubigung.de\/#website","url":"https:\/\/mybeglaubigung.de\/","name":"MyBeglaubigung.de | Certified Translations","description":"Order certified translations easily online.","publisher":{"@id":"https:\/\/mybeglaubigung.de\/#organization"},"potentialAction":[{"@type":"SearchAction","target":{"@type":"EntryPoint","urlTemplate":"https:\/\/mybeglaubigung.de\/?s={search_term_string}"},"query-input":{"@type":"PropertyValueSpecification","valueRequired":true,"valueName":"search_term_string"}}],"inLanguage":"en-US"},{"@type":"Organization","@id":"https:\/\/mybeglaubigung.de\/#organization","name":"MyBeglaubigung.de | Certified Translations","url":"https:\/\/mybeglaubigung.de\/","logo":{"@type":"ImageObject","inLanguage":"en-US","@id":"https:\/\/mybeglaubigung.de\/#\/schema\/logo\/image\/","url":"https:\/\/mybeglaubigung.de\/wp-content\/uploads\/2023\/11\/cropped-Logo-700x233-1.png","contentUrl":"https:\/\/mybeglaubigung.de\/wp-content\/uploads\/2023\/11\/cropped-Logo-700x233-1.png","width":533,"height":138,"caption":"MyBeglaubigung.de | Beglaubigte \u00dcbersetzungen"},"image":{"@id":"https:\/\/mybeglaubigung.de\/#\/schema\/logo\/image\/"}}]}},"uagb_featured_image_src":{"full":["https:\/\/mybeglaubigung.de\/wp-content\/uploads\/2023\/12\/vertrag_kl.jpg",1195,653,false],"thumbnail":["https:\/\/mybeglaubigung.de\/wp-content\/uploads\/2023\/12\/vertrag_kl-150x150.jpg",150,150,true],"medium":["https:\/\/mybeglaubigung.de\/wp-content\/uploads\/2023\/12\/vertrag_kl-300x164.jpg",300,164,true],"medium_large":["https:\/\/mybeglaubigung.de\/wp-content\/uploads\/2023\/12\/vertrag_kl-768x420.jpg",768,420,true],"large":["https:\/\/mybeglaubigung.de\/wp-content\/uploads\/2023\/12\/vertrag_kl-1024x560.jpg",1024,560,true],"1536x1536":["https:\/\/mybeglaubigung.de\/wp-content\/uploads\/2023\/12\/vertrag_kl.jpg",1195,653,false],"2048x2048":["https:\/\/mybeglaubigung.de\/wp-content\/uploads\/2023\/12\/vertrag_kl.jpg",1195,653,false],"trp-custom-language-flag":["https:\/\/mybeglaubigung.de\/wp-content\/uploads\/2023\/12\/vertrag_kl-18x10.jpg",18,10,true],"woocommerce_thumbnail":["https:\/\/mybeglaubigung.de\/wp-content\/uploads\/2023\/12\/vertrag_kl-600x600.jpg",600,600,true],"woocommerce_single":["https:\/\/mybeglaubigung.de\/wp-content\/uploads\/2023\/12\/vertrag_kl-600x328.jpg",600,328,true],"woocommerce_gallery_thumbnail":["https:\/\/mybeglaubigung.de\/wp-content\/uploads\/2023\/12\/vertrag_kl-100x100.jpg",100,100,true]},"uagb_author_info":{"display_name":"Admin","author_link":"https:\/\/mybeglaubigung.de\/en\/author\/"},"uagb_comment_info":0,"uagb_excerpt":"(inkl. 19,0% MwSt.) &nbsp; \u00dcbersetzung + Beglaubigung mit offiziellem Stempel von vereidigten \u00dcbersetzer:innen. &nbsp; Lieferung per E-Mail und Post innerhalb von 2-3 Werktagen. Bei mehr als zwei Seiten ben\u00f6tigen wir pro Seite 1-2 zus\u00e4tzliche Werktage.","jetpack_sharing_enabled":true,"_links":{"self":[{"href":"https:\/\/mybeglaubigung.de\/en\/wp-json\/wp\/v2\/product\/5314","targetHints":{"allow":["GET"]}}],"collection":[{"href":"https:\/\/mybeglaubigung.de\/en\/wp-json\/wp\/v2\/product"}],"about":[{"href":"https:\/\/mybeglaubigung.de\/en\/wp-json\/wp\/v2\/types\/product"}],"replies":[{"embeddable":true,"href":"https:\/\/mybeglaubigung.de\/en\/wp-json\/wp\/v2\/comments?post=5314"}],"version-history":[{"count":5,"href":"https:\/\/mybeglaubigung.de\/en\/wp-json\/wp\/v2\/product\/5314\/revisions"}],"predecessor-version":[{"id":17595,"href":"https:\/\/mybeglaubigung.de\/en\/wp-json\/wp\/v2\/product\/5314\/revisions\/17595"}],"wp:featuredmedia":[{"embeddable":true,"href":"https:\/\/mybeglaubigung.de\/en\/wp-json\/wp\/v2\/media\/6759"}],"wp:attachment":[{"href":"https:\/\/mybeglaubigung.de\/en\/wp-json\/wp\/v2\/media?parent=5314"}],"wp:term":[{"taxonomy":"product_brand","embeddable":true,"href":"https:\/\/mybeglaubigung.de\/en\/wp-json\/wp\/v2\/product_brand?post=5314"},{"taxonomy":"product_cat","embeddable":true,"href":"https:\/\/mybeglaubigung.de\/en\/wp-json\/wp\/v2\/product_cat?post=5314"},{"taxonomy":"product_tag","embeddable":true,"href":"https:\/\/mybeglaubigung.de\/en\/wp-json\/wp\/v2\/product_tag?post=5314"}],"curies":[{"name":"wp","href":"https:\/\/api.w.org\/{rel}","templated":true}]}}