{"id":4653,"date":"2023-11-15T14:05:26","date_gmt":"2023-11-15T13:05:26","guid":{"rendered":"https:\/\/mybeglaubigung.de\/?page_id=4653"},"modified":"2024-07-02T14:39:10","modified_gmt":"2024-07-02T12:39:10","slug":"about-us","status":"publish","type":"page","link":"https:\/\/mybeglaubigung.de\/en\/about-us\/","title":{"rendered":"About Us"},"content":{"rendered":"<div data-elementor-type=\"wp-page\" data-elementor-id=\"4653\" class=\"elementor elementor-4653\" data-elementor-post-type=\"page\">\n\t\t\t\t\t\t<section class=\"elementor-section elementor-top-section elementor-element elementor-element-7092d201 elementor-section-boxed elementor-section-height-default elementor-section-height-default\" data-id=\"7092d201\" data-element_type=\"section\" data-e-type=\"section\" data-settings=\"{&quot;background_background&quot;:&quot;classic&quot;}\">\n\t\t\t\t\t\t\t<div class=\"elementor-background-overlay\"><\/div>\n\t\t\t\t\t\t\t<div class=\"elementor-container elementor-column-gap-default\">\n\t\t\t\t\t<div class=\"elementor-column elementor-col-100 elementor-top-column elementor-element elementor-element-2ad69fa1\" data-id=\"2ad69fa1\" data-element_type=\"column\" data-e-type=\"column\">\n\t\t\t<div class=\"elementor-widget-wrap elementor-element-populated\">\n\t\t\t\t\t\t<div class=\"elementor-element elementor-element-40399a7 elementor-widget elementor-widget-spacer\" data-id=\"40399a7\" data-element_type=\"widget\" data-e-type=\"widget\" data-widget_type=\"spacer.default\">\n\t\t\t\t<div class=\"elementor-widget-container\">\n\t\t\t\t\t\t\t<div class=\"elementor-spacer\">\n\t\t\t<div class=\"elementor-spacer-inner\"><\/div>\n\t\t<\/div>\n\t\t\t\t\t\t<\/div>\n\t\t\t\t<\/div>\n\t\t\t\t<div class=\"elementor-element elementor-element-1bcea45 elementor-widget elementor-widget-heading\" data-id=\"1bcea45\" data-element_type=\"widget\" data-e-type=\"widget\" data-widget_type=\"heading.default\">\n\t\t\t\t<div class=\"elementor-widget-container\">\n\t\t\t\t\t<h1 class=\"elementor-heading-title elementor-size-default\">About Us<\/h1>\t\t\t\t<\/div>\n\t\t\t\t<\/div>\n\t\t\t\t<div class=\"elementor-element elementor-element-825fbd7 elementor-widget elementor-widget-spacer\" data-id=\"825fbd7\" data-element_type=\"widget\" data-e-type=\"widget\" data-widget_type=\"spacer.default\">\n\t\t\t\t<div class=\"elementor-widget-container\">\n\t\t\t\t\t\t\t<div class=\"elementor-spacer\">\n\t\t\t<div class=\"elementor-spacer-inner\"><\/div>\n\t\t<\/div>\n\t\t\t\t\t\t<\/div>\n\t\t\t\t<\/div>\n\t\t\t\t\t<\/div>\n\t\t<\/div>\n\t\t\t\t\t<\/div>\n\t\t<\/section>\n\t\t\t\t<section class=\"elementor-section elementor-top-section elementor-element elementor-element-1a119ea elementor-section-boxed elementor-section-height-default elementor-section-height-default\" data-id=\"1a119ea\" data-element_type=\"section\" data-e-type=\"section\" data-settings=\"{&quot;background_background&quot;:&quot;classic&quot;}\">\n\t\t\t\t\t\t<div class=\"elementor-container elementor-column-gap-wide\">\n\t\t\t\t\t<div class=\"elementor-column elementor-col-100 elementor-top-column elementor-element elementor-element-d9c6198\" data-id=\"d9c6198\" data-element_type=\"column\" data-e-type=\"column\">\n\t\t\t<div class=\"elementor-widget-wrap elementor-element-populated\">\n\t\t\t\t\t\t<div class=\"elementor-element elementor-element-0f1b1a0 elementor-widget__width-initial elementor-widget-mobile__width-inherit elementor-view-stacked elementor-shape-circle elementor-position-block-start elementor-mobile-position-block-start elementor-widget elementor-widget-icon-box\" data-id=\"0f1b1a0\" data-element_type=\"widget\" data-e-type=\"widget\" data-widget_type=\"icon-box.default\">\n\t\t\t\t<div class=\"elementor-widget-container\">\n\t\t\t\t\t\t\t<div class=\"elementor-icon-box-wrapper\">\n\n\t\t\t\t\t\t<div class=\"elementor-icon-box-icon\">\n\t\t\t\t<span  class=\"elementor-icon\">\n\t\t\t\t<i aria-hidden=\"true\" class=\"fas fa-bell\"><\/i>\t\t\t\t<\/span>\n\t\t\t<\/div>\n\t\t\t\n\t\t\t\n\t\t<\/div>\n\t\t\t\t\t\t<\/div>\n\t\t\t\t<\/div>\n\t\t\t\t<div class=\"elementor-element elementor-element-15b54cc elementor-widget elementor-widget-heading\" data-id=\"15b54cc\" data-element_type=\"widget\" data-e-type=\"widget\" data-widget_type=\"heading.default\">\n\t\t\t\t<div class=\"elementor-widget-container\">\n\t\t\t\t\t<h2 class=\"elementor-heading-title elementor-size-default\">Our Mission<\/h2>\t\t\t\t<\/div>\n\t\t\t\t<\/div>\n\t\t\t\t<div class=\"elementor-element elementor-element-26b6715 elementor-widget elementor-widget-text-editor\" data-id=\"26b6715\" data-element_type=\"widget\" data-e-type=\"widget\" data-widget_type=\"text-editor.default\">\n\t\t\t\t<div class=\"elementor-widget-container\">\n\t\t\t\t\t\t\t\t\t<p>Our mission is to promote the integration of people from diverse countries of origin and cultures. We believe that every individual possesses unique strengths that they can contribute to our society to create a rewarding communal experience. Therefore, we support you with our certified translations in getting your official documents recognized in Germany\u2014be it your educational credentials, driver\u2019s license, certificates, and much more.<\/p>\t\t\t\t\t\t\t\t<\/div>\n\t\t\t\t<\/div>\n\t\t\t\t\t<\/div>\n\t\t<\/div>\n\t\t\t\t\t<\/div>\n\t\t<\/section>\n\t\t\t\t<section class=\"elementor-section elementor-top-section elementor-element elementor-element-712a57a elementor-section-boxed elementor-section-height-default elementor-section-height-default\" data-id=\"712a57a\" data-element_type=\"section\" data-e-type=\"section\" data-settings=\"{&quot;background_background&quot;:&quot;classic&quot;}\">\n\t\t\t\t\t\t<div class=\"elementor-container elementor-column-gap-wide\">\n\t\t\t\t\t<div class=\"elementor-column elementor-col-100 elementor-top-column elementor-element elementor-element-6f6798b\" data-id=\"6f6798b\" data-element_type=\"column\" data-e-type=\"column\">\n\t\t\t<div class=\"elementor-widget-wrap elementor-element-populated\">\n\t\t\t\t\t\t<div class=\"elementor-element elementor-element-41e976e elementor-widget__width-initial elementor-widget-mobile__width-inherit elementor-view-stacked elementor-shape-circle elementor-position-block-start elementor-mobile-position-block-start elementor-widget elementor-widget-icon-box\" data-id=\"41e976e\" data-element_type=\"widget\" data-e-type=\"widget\" data-widget_type=\"icon-box.default\">\n\t\t\t\t<div class=\"elementor-widget-container\">\n\t\t\t\t\t\t\t<div class=\"elementor-icon-box-wrapper\">\n\n\t\t\t\t\t\t<div class=\"elementor-icon-box-icon\">\n\t\t\t\t<span  class=\"elementor-icon\">\n\t\t\t\t<i aria-hidden=\"true\" class=\"fas fa-city\"><\/i>\t\t\t\t<\/span>\n\t\t\t<\/div>\n\t\t\t\n\t\t\t\n\t\t<\/div>\n\t\t\t\t\t\t<\/div>\n\t\t\t\t<\/div>\n\t\t\t\t<div class=\"elementor-element elementor-element-b311b37 elementor-widget elementor-widget-heading\" data-id=\"b311b37\" data-element_type=\"widget\" data-e-type=\"widget\" data-widget_type=\"heading.default\">\n\t\t\t\t<div class=\"elementor-widget-container\">\n\t\t\t\t\t<h2 class=\"elementor-heading-title elementor-size-default\">Who We Are<\/h2>\t\t\t\t<\/div>\n\t\t\t\t<\/div>\n\t\t\t\t<div class=\"elementor-element elementor-element-9caca27 elementor-widget elementor-widget-text-editor\" data-id=\"9caca27\" data-element_type=\"widget\" data-e-type=\"widget\" data-widget_type=\"text-editor.default\">\n\t\t\t\t<div class=\"elementor-widget-container\">\n\t\t\t\t\t\t\t\t\t<p>The founder of MyBeglaubigung.de brings decades of experience in the translation industry. In 2001, he established the foundation of the first real online translation shop in Germany with the creation of Easytrans24.com GmbH, developing it into one of the leading brands in the B2B sector. After selling it to a corporate group, the founder now aims to specifically address the translation needs of private customers with MyBeglaubigung.de. Hundreds of state-certified translators contribute to this at MyBeglaubigung.de and play a vital role in the integrative support of immigrants and emigrants.<\/p>\t\t\t\t\t\t\t\t<\/div>\n\t\t\t\t<\/div>\n\t\t\t\t\t<\/div>\n\t\t<\/div>\n\t\t\t\t\t<\/div>\n\t\t<\/section>\n\t\t\t\t<\/div>","protected":false},"excerpt":{"rendered":"<p>\u00dcber uns Unsere Mission Unsere Mission ist es, die Integration von Menschen aus verschiedenen Herkunftsl\u00e4ndern und Kulturen zu f\u00f6rdern. Wir sind \u00fcberzeugt, dass jeder Mensch individuelle St\u00e4rken besitzt, die er in unsere Gesellschaft einbringen kann, um ein bereicherndes Miteinander zu schaffen. Daher unterst\u00fctzen wir dich mit unseren beglaubigten \u00dcbersetzungen dabei, deine offiziellen Dokumente in Deutschland [&hellip;]<\/p>\n","protected":false},"author":1,"featured_media":0,"parent":0,"menu_order":0,"comment_status":"closed","ping_status":"closed","template":"","meta":{"_uag_custom_page_level_css":"","site-sidebar-layout":"no-sidebar","site-content-layout":"page-builder","ast-site-content-layout":"full-width-container","site-content-style":"default","site-sidebar-style":"default","ast-global-header-display":"","ast-banner-title-visibility":"","ast-main-header-display":"","ast-hfb-above-header-display":"","ast-hfb-below-header-display":"","ast-hfb-mobile-header-display":"","site-post-title":"disabled","ast-breadcrumbs-content":"","ast-featured-img":"disabled","footer-sml-layout":"","ast-disable-related-posts":"","theme-transparent-header-meta":"","adv-header-id-meta":"","stick-header-meta":"","header-above-stick-meta":"","header-main-stick-meta":"","header-below-stick-meta":"","astra-migrate-meta-layouts":"set","ast-page-background-enabled":"default","ast-page-background-meta":{"desktop":{"background-color":"var(--ast-global-color-4)","background-image":"","background-repeat":"repeat","background-position":"center center","background-size":"auto","background-attachment":"scroll","background-type":"","background-media":"","overlay-type":"","overlay-color":"","overlay-opacity":"","overlay-gradient":""},"tablet":{"background-color":"","background-image":"","background-repeat":"repeat","background-position":"center center","background-size":"auto","background-attachment":"scroll","background-type":"","background-media":"","overlay-type":"","overlay-color":"","overlay-opacity":"","overlay-gradient":""},"mobile":{"background-color":"","background-image":"","background-repeat":"repeat","background-position":"center center","background-size":"auto","background-attachment":"scroll","background-type":"","background-media":"","overlay-type":"","overlay-color":"","overlay-opacity":"","overlay-gradient":""}},"ast-content-background-meta":{"desktop":{"background-color":"var(--ast-global-color-5)","background-image":"","background-repeat":"repeat","background-position":"center center","background-size":"auto","background-attachment":"scroll","background-type":"","background-media":"","overlay-type":"","overlay-color":"","overlay-opacity":"","overlay-gradient":""},"tablet":{"background-color":"var(--ast-global-color-5)","background-image":"","background-repeat":"repeat","background-position":"center center","background-size":"auto","background-attachment":"scroll","background-type":"","background-media":"","overlay-type":"","overlay-color":"","overlay-opacity":"","overlay-gradient":""},"mobile":{"background-color":"var(--ast-global-color-5)","background-image":"","background-repeat":"repeat","background-position":"center center","background-size":"auto","background-attachment":"scroll","background-type":"","background-media":"","overlay-type":"","overlay-color":"","overlay-opacity":"","overlay-gradient":""}},"footnotes":""},"class_list":["post-4653","page","type-page","status-publish","hentry"],"yoast_head":"<!-- This site is optimized with the Yoast SEO plugin v26.8 - https:\/\/yoast.com\/product\/yoast-seo-wordpress\/ -->\n<title>Beglaubigte \u00dcbersetzungen | MyBeglaubigung.de<\/title>\n<meta name=\"description\" content=\"Der Online-Shop f\u00fcr beglaubigte \u00dcbersetzungen \u2794 Das Team und die Mission von MyBeglaubigung.de\" \/>\n<meta name=\"robots\" content=\"index, follow, max-snippet:-1, max-image-preview:large, max-video-preview:-1\" \/>\n<link rel=\"canonical\" href=\"https:\/\/mybeglaubigung.de\/en\/about-us\/\" \/>\n<meta property=\"og:locale\" content=\"en_US\" \/>\n<meta property=\"og:type\" content=\"article\" \/>\n<meta property=\"og:title\" content=\"Beglaubigte \u00dcbersetzungen | MyBeglaubigung.de\" \/>\n<meta property=\"og:description\" content=\"Der Online-Shop f\u00fcr beglaubigte \u00dcbersetzungen \u2794 Das Team und die Mission von MyBeglaubigung.de\" \/>\n<meta property=\"og:url\" content=\"https:\/\/mybeglaubigung.de\/en\/about-us\/\" \/>\n<meta property=\"og:site_name\" content=\"MyBeglaubigung.de | Beglaubigte \u00dcbersetzungen\" \/>\n<meta property=\"article:modified_time\" content=\"2024-07-02T12:39:10+00:00\" \/>\n<meta name=\"twitter:card\" content=\"summary_large_image\" \/>\n<meta name=\"twitter:label1\" content=\"Est. reading time\" \/>\n\t<meta name=\"twitter:data1\" content=\"1 minute\" \/>\n<script type=\"application\/ld+json\" class=\"yoast-schema-graph\">{\"@context\":\"https:\/\/schema.org\",\"@graph\":[{\"@type\":\"WebPage\",\"@id\":\"https:\/\/mybeglaubigung.de\/about-us\/\",\"url\":\"https:\/\/mybeglaubigung.de\/about-us\/\",\"name\":\"Beglaubigte \u00dcbersetzungen | MyBeglaubigung.de\",\"isPartOf\":{\"@id\":\"https:\/\/mybeglaubigung.de\/#website\"},\"datePublished\":\"2023-11-15T13:05:26+00:00\",\"dateModified\":\"2024-07-02T12:39:10+00:00\",\"description\":\"Der Online-Shop f\u00fcr beglaubigte \u00dcbersetzungen \u2794 Das Team und die Mission von MyBeglaubigung.de\",\"breadcrumb\":{\"@id\":\"https:\/\/mybeglaubigung.de\/about-us\/#breadcrumb\"},\"inLanguage\":\"en-US\",\"potentialAction\":[{\"@type\":\"ReadAction\",\"target\":[\"https:\/\/mybeglaubigung.de\/about-us\/\"]}]},{\"@type\":\"BreadcrumbList\",\"@id\":\"https:\/\/mybeglaubigung.de\/about-us\/#breadcrumb\",\"itemListElement\":[{\"@type\":\"ListItem\",\"position\":1,\"name\":\"Startseite\",\"item\":\"https:\/\/mybeglaubigung.de\/\"},{\"@type\":\"ListItem\",\"position\":2,\"name\":\"\u00dcber uns\"}]},{\"@type\":\"WebSite\",\"@id\":\"https:\/\/mybeglaubigung.de\/#website\",\"url\":\"https:\/\/mybeglaubigung.de\/\",\"name\":\"MyBeglaubigung.de | Beglaubigte \u00dcbersetzungen\",\"description\":\"Beglaubigte \u00dcbersetzungen einfach online bestellen.\",\"publisher\":{\"@id\":\"https:\/\/mybeglaubigung.de\/#organization\"},\"potentialAction\":[{\"@type\":\"SearchAction\",\"target\":{\"@type\":\"EntryPoint\",\"urlTemplate\":\"https:\/\/mybeglaubigung.de\/?s={search_term_string}\"},\"query-input\":{\"@type\":\"PropertyValueSpecification\",\"valueRequired\":true,\"valueName\":\"search_term_string\"}}],\"inLanguage\":\"en-US\"},{\"@type\":\"Organization\",\"@id\":\"https:\/\/mybeglaubigung.de\/#organization\",\"name\":\"MyBeglaubigung.de | Beglaubigte \u00dcbersetzungen\",\"url\":\"https:\/\/mybeglaubigung.de\/\",\"logo\":{\"@type\":\"ImageObject\",\"inLanguage\":\"en-US\",\"@id\":\"https:\/\/mybeglaubigung.de\/#\/schema\/logo\/image\/\",\"url\":\"https:\/\/mybeglaubigung.de\/wp-content\/uploads\/2023\/11\/cropped-Logo-700x233-1.png\",\"contentUrl\":\"https:\/\/mybeglaubigung.de\/wp-content\/uploads\/2023\/11\/cropped-Logo-700x233-1.png\",\"width\":533,\"height\":138,\"caption\":\"MyBeglaubigung.de | Beglaubigte \u00dcbersetzungen\"},\"image\":{\"@id\":\"https:\/\/mybeglaubigung.de\/#\/schema\/logo\/image\/\"}}]}<\/script>\n<!-- \/ Yoast SEO plugin. -->","yoast_head_json":{"title":"Certified Translations | MyBeglaubigung.de","description":"Der Online-Shop f\u00fcr beglaubigte \u00dcbersetzungen \u2794 Das Team und die Mission von MyBeglaubigung.de","robots":{"index":"index","follow":"follow","max-snippet":"max-snippet:-1","max-image-preview":"max-image-preview:large","max-video-preview":"max-video-preview:-1"},"canonical":"https:\/\/mybeglaubigung.de\/en\/about-us\/","og_locale":"en_US","og_type":"article","og_title":"Beglaubigte \u00dcbersetzungen | MyBeglaubigung.de","og_description":"Der Online-Shop f\u00fcr beglaubigte \u00dcbersetzungen \u2794 Das Team und die Mission von MyBeglaubigung.de","og_url":"https:\/\/mybeglaubigung.de\/en\/about-us\/","og_site_name":"MyBeglaubigung.de | Beglaubigte \u00dcbersetzungen","article_modified_time":"2024-07-02T12:39:10+00:00","twitter_card":"summary_large_image","twitter_misc":{"Est. reading time":"1 minute"},"schema":{"@context":"https:\/\/schema.org","@graph":[{"@type":"WebPage","@id":"https:\/\/mybeglaubigung.de\/about-us\/","url":"https:\/\/mybeglaubigung.de\/about-us\/","name":"Certified Translations | MyBeglaubigung.de","isPartOf":{"@id":"https:\/\/mybeglaubigung.de\/#website"},"datePublished":"2023-11-15T13:05:26+00:00","dateModified":"2024-07-02T12:39:10+00:00","description":"Der Online-Shop f\u00fcr beglaubigte \u00dcbersetzungen \u2794 Das Team und die Mission von MyBeglaubigung.de","breadcrumb":{"@id":"https:\/\/mybeglaubigung.de\/about-us\/#breadcrumb"},"inLanguage":"en-US","potentialAction":[{"@type":"ReadAction","target":["https:\/\/mybeglaubigung.de\/about-us\/"]}]},{"@type":"BreadcrumbList","@id":"https:\/\/mybeglaubigung.de\/about-us\/#breadcrumb","itemListElement":[{"@type":"ListItem","position":1,"name":"Startseite","item":"https:\/\/mybeglaubigung.de\/"},{"@type":"ListItem","position":2,"name":"\u00dcber uns"}]},{"@type":"WebSite","@id":"https:\/\/mybeglaubigung.de\/#website","url":"https:\/\/mybeglaubigung.de\/","name":"MyBeglaubigung.de | Certified Translations","description":"Order certified translations easily online.","publisher":{"@id":"https:\/\/mybeglaubigung.de\/#organization"},"potentialAction":[{"@type":"SearchAction","target":{"@type":"EntryPoint","urlTemplate":"https:\/\/mybeglaubigung.de\/?s={search_term_string}"},"query-input":{"@type":"PropertyValueSpecification","valueRequired":true,"valueName":"search_term_string"}}],"inLanguage":"en-US"},{"@type":"Organization","@id":"https:\/\/mybeglaubigung.de\/#organization","name":"MyBeglaubigung.de | Certified Translations","url":"https:\/\/mybeglaubigung.de\/","logo":{"@type":"ImageObject","inLanguage":"en-US","@id":"https:\/\/mybeglaubigung.de\/#\/schema\/logo\/image\/","url":"https:\/\/mybeglaubigung.de\/wp-content\/uploads\/2023\/11\/cropped-Logo-700x233-1.png","contentUrl":"https:\/\/mybeglaubigung.de\/wp-content\/uploads\/2023\/11\/cropped-Logo-700x233-1.png","width":533,"height":138,"caption":"MyBeglaubigung.de | Beglaubigte \u00dcbersetzungen"},"image":{"@id":"https:\/\/mybeglaubigung.de\/#\/schema\/logo\/image\/"}}]}},"uagb_featured_image_src":{"full":false,"thumbnail":false,"medium":false,"medium_large":false,"large":false,"1536x1536":false,"2048x2048":false,"trp-custom-language-flag":false,"woocommerce_thumbnail":false,"woocommerce_single":false,"woocommerce_gallery_thumbnail":false},"uagb_author_info":{"display_name":"Admin","author_link":"https:\/\/mybeglaubigung.de\/en\/author\/admin\/"},"uagb_comment_info":0,"uagb_excerpt":"\u00dcber uns Unsere Mission Unsere Mission ist es, die Integration von Menschen aus verschiedenen Herkunftsl\u00e4ndern und Kulturen zu f\u00f6rdern. Wir sind \u00fcberzeugt, dass jeder Mensch individuelle St\u00e4rken besitzt, die er in unsere Gesellschaft einbringen kann, um ein bereicherndes Miteinander zu schaffen. Daher unterst\u00fctzen wir dich mit unseren beglaubigten \u00dcbersetzungen dabei, deine offiziellen Dokumente in Deutschland&hellip;","jetpack_sharing_enabled":true,"_links":{"self":[{"href":"https:\/\/mybeglaubigung.de\/en\/wp-json\/wp\/v2\/pages\/4653","targetHints":{"allow":["GET"]}}],"collection":[{"href":"https:\/\/mybeglaubigung.de\/en\/wp-json\/wp\/v2\/pages"}],"about":[{"href":"https:\/\/mybeglaubigung.de\/en\/wp-json\/wp\/v2\/types\/page"}],"author":[{"embeddable":true,"href":"https:\/\/mybeglaubigung.de\/en\/wp-json\/wp\/v2\/users\/1"}],"replies":[{"embeddable":true,"href":"https:\/\/mybeglaubigung.de\/en\/wp-json\/wp\/v2\/comments?post=4653"}],"version-history":[{"count":63,"href":"https:\/\/mybeglaubigung.de\/en\/wp-json\/wp\/v2\/pages\/4653\/revisions"}],"predecessor-version":[{"id":7032,"href":"https:\/\/mybeglaubigung.de\/en\/wp-json\/wp\/v2\/pages\/4653\/revisions\/7032"}],"wp:attachment":[{"href":"https:\/\/mybeglaubigung.de\/en\/wp-json\/wp\/v2\/media?parent=4653"}],"curies":[{"name":"wp","href":"https:\/\/api.w.org\/{rel}","templated":true}]}}